{"id":342,"date":"2019-02-06T04:30:32","date_gmt":"2019-02-06T04:30:32","guid":{"rendered":"https:\/\/ninetheme.com\/themes\/agro\/?page_id=342"},"modified":"2019-02-06T04:30:32","modified_gmt":"2019-02-06T04:30:32","slug":"blog-grid-2","status":"publish","type":"page","link":"https:\/\/narsu.com.tr\/index.php\/blog-grid-2\/","title":{"rendered":"Blog Grid 2"},"content":{"rendered":"[vc_row full_width=&#8221;container-null&#8221;][vc_column agro_disable_column=&#8221;yes&#8221;]<div id=\"hero\" class=\"nt-shortcode-hero jarallax section_69f3445dabc49 vc_custom_1549423946303\" data-speed=\"0.7\" data-img-position=\"50% 80%\" data-res-css=\"          \"><div class=\"container\"><div class=\"row\"><div class=\"col-12 col-lg-7 \"><h1 class=\"__title\"><span>OUR<\/span> BLOG<\/h1><p class=\"nt-hero-desc\">The point of using Lorem Ipsum is that it has a more-or-less normal distribution of letters, as opposed to using &#039;Content here, content here&#039;, making it look like readable English<\/p><div class=\"shortcode-page-breadcrumbs breadcrumb\"><div class=\"nt-breadcrumbs\"><ul class=\"nt-breadcrumbs-list\"><li class=\"bitem\"><span><a class=\"breadcrumbs__link\" href=\"https:\/\/narsu.com.tr\/\"><span>Home<\/span><\/a><\/span><\/li><\/ul><\/div><\/div><\/div><\/div><\/div><\/div>[\/vc_column][\/vc_row][vc_row full_width=&#8221;container-null&#8221;][vc_column agro_disable_column=&#8221;yes&#8221;]<div class=\"section section-blog blog_69f3445dac3ba\" data-res-css=\"                     \"><div class=\"container\"><div class=\"posts posts--style-2\"><div class=\"__inner\"><div class=\"row\"><div class=\"nt-post col-12 col-sm-6 col-lg-4 post-2696 post type-post status-publish format-standard has-post-thumbnail hentry category-uncategorized-en tag-cherry tag-concentrate tag-fruit tag-juice tag-sour-cherry  nt-post-class\"><div class=\"__item __item--preview\" data-aos=\"flip-up\" data-aos-delay=\"100\" data-aos-offset=\"0\"><figure class=\"__image\"><img src=\"https:\/\/narsu.com.tr\/wp-content\/uploads\/2021\/03\/BLOG_GORSEL_VISNE-767x812.png\" alt=\"JOURNEY FROM SOUR CHERRY TO SOUR CHERRY JUICE\" \/><span class=\"__overlay\"><\/span><div class=\"__content\"><span class=\"__date-post\"><strong>19<\/strong>Nis<\/span><p class=\"__category\"><a href=\"https:\/\/narsu.com.tr\/index.php\/en\/category\/uncategorized-en\/\" rel=\"category tag\">Uncategorized<\/a><\/p><h3 class=\"__title h5\"><a href=\"https:\/\/narsu.com.tr\/index.php\/en\/2021\/04\/19\/superfoods-you-should-be-eating-2-2\/\">JOURNEY FROM SOUR CHERRY TO SOUR CHERRY JUICE<\/a><\/h3><\/div><\/figure><\/div><\/div><div class=\"nt-post col-12 col-sm-6 col-lg-4 post-2693 post type-post status-publish format-standard has-post-thumbnail hentry category-uncategorized-en tag-concentrate-en tag-fruit-en tag-juice-en tag-pomegranate-en  nt-post-class\"><div class=\"__item __item--preview\" data-aos=\"flip-up\" data-aos-delay=\"200\" data-aos-offset=\"0\"><figure class=\"__image\"><img src=\"https:\/\/narsu.com.tr\/wp-content\/uploads\/2018\/12\/nar_blog-767x812.png\" alt=\"JOURNEY FROM POMEGRANATE TO POMEGRANATE JUICE CONCENTRATE\" \/><span class=\"__overlay\"><\/span><div class=\"__content\"><span class=\"__date-post\"><strong>19<\/strong>Nis<\/span><p class=\"__category\"><a href=\"https:\/\/narsu.com.tr\/index.php\/en\/category\/uncategorized-en\/\" rel=\"category tag\">Uncategorized<\/a><\/p><h3 class=\"__title h5\"><a href=\"https:\/\/narsu.com.tr\/index.php\/en\/2021\/04\/19\/health-benefits-of-a-raw-food-2-2\/\">JOURNEY FROM POMEGRANATE TO POMEGRANATE JUICE CONCENTRATE<\/a><\/h3><\/div><\/figure><\/div><\/div><div class=\"nt-post col-12 col-sm-6 col-lg-4 post-2691 post type-post status-publish format-standard has-post-thumbnail hentry category-uncategorized-en tag-black tag-blackcarrot tag-carrot tag-concentrate tag-fruit tag-juice  nt-post-class\"><div class=\"__item __item--preview\" data-aos=\"flip-up\" data-aos-delay=\"300\" data-aos-offset=\"0\"><figure class=\"__image\"><img src=\"https:\/\/narsu.com.tr\/wp-content\/uploads\/2021\/03\/blog_siyah_havuc_002-767x812.jpg\" alt=\"JOURNEY FROM BLACK CARROT TO BLACK CARROT JUICE CONCENTRATE\" \/><span class=\"__overlay\"><\/span><div class=\"__content\"><span class=\"__date-post\"><strong>19<\/strong>Nis<\/span><p class=\"__category\"><a href=\"https:\/\/narsu.com.tr\/index.php\/en\/category\/uncategorized-en\/\" rel=\"category tag\">Uncategorized<\/a><\/p><h3 class=\"__title h5\"><a href=\"https:\/\/narsu.com.tr\/index.php\/en\/2021\/04\/19\/tips-for-ripening-your-fruit-2-2\/\">JOURNEY FROM BLACK CARROT TO BLACK CARROT JUICE CONCENTRATE<\/a><\/h3><\/div><\/figure><\/div><\/div><div class=\"nt-post col-12 col-sm-6 col-lg-4 post-482 post type-post status-publish format-standard has-post-thumbnail hentry category-organic-food tag-black tag-blackcarrot tag-carrot tag-concentrate tag-fruit tag-juice  nt-post-class\"><div class=\"__item __item--preview\" data-aos=\"flip-up\" data-aos-delay=\"400\" data-aos-offset=\"0\"><figure class=\"__image\"><img src=\"https:\/\/narsu.com.tr\/wp-content\/uploads\/2021\/03\/blog_siyah_havuc_002-767x812.jpg\" alt=\"S\u0130YAH HAVU\u00c7TAN S\u0130YAH HAVU\u00c7 SUYU KONSANTRES\u0130NE YOLCULUK\" \/><span class=\"__overlay\"><\/span><div class=\"__content\"><span class=\"__date-post\"><strong>15<\/strong>Mar<\/span><p class=\"__category\"><a href=\"https:\/\/narsu.com.tr\/index.php\/category\/organic-food\/\" rel=\"category tag\">ORGANIC FOOD<\/a><\/p><h3 class=\"__title h5\"><a href=\"https:\/\/narsu.com.tr\/index.php\/2021\/03\/15\/tips-for-ripening-your-fruit-2\/\">S\u0130YAH HAVU\u00c7TAN S\u0130YAH HAVU\u00c7 SUYU KONSANTRES\u0130NE YOLCULUK<\/a><\/h3><\/div><\/figure><\/div><\/div><div class=\"nt-post col-12 col-sm-6 col-lg-4 post-480 post type-post status-publish format-standard has-post-thumbnail hentry category-organic-food tag-concentrate tag-fruit tag-juice tag-pomegranate  nt-post-class\"><div class=\"__item __item--preview\" data-aos=\"flip-up\" data-aos-delay=\"500\" data-aos-offset=\"0\"><figure class=\"__image\"><img src=\"https:\/\/narsu.com.tr\/wp-content\/uploads\/2018\/12\/nar_blog-767x812.png\" alt=\"NARDAN NAR SUYU KONSANTRES\u0130NE YOLCULUK\" \/><span class=\"__overlay\"><\/span><div class=\"__content\"><span class=\"__date-post\"><strong>15<\/strong>Mar<\/span><p class=\"__category\"><a href=\"https:\/\/narsu.com.tr\/index.php\/category\/organic-food\/\" rel=\"category tag\">ORGANIC FOOD<\/a><\/p><h3 class=\"__title h5\"><a href=\"https:\/\/narsu.com.tr\/index.php\/2021\/03\/15\/health-benefits-of-a-raw-food-2\/\">NARDAN NAR SUYU KONSANTRES\u0130NE YOLCULUK<\/a><\/h3><\/div><\/figure><\/div><\/div><div class=\"nt-post col-12 col-sm-6 col-lg-4 post-445 post type-post status-publish format-standard has-post-thumbnail hentry category-organic-food tag-cherry tag-concentrate tag-fruit tag-juice tag-sour-cherry  nt-post-class\"><div class=\"__item __item--preview\" data-aos=\"flip-up\" data-aos-delay=\"600\" data-aos-offset=\"0\"><figure class=\"__image\"><img src=\"https:\/\/narsu.com.tr\/wp-content\/uploads\/2021\/03\/BLOG_GORSEL_VISNE-767x812.png\" alt=\"V\u0130\u015eNEDEN V\u0130\u015eNE SUYU KONSANTRES\u0130NE YOLCULUK\" \/><span class=\"__overlay\"><\/span><div class=\"__content\"><span class=\"__date-post\"><strong>14<\/strong>Mar<\/span><p class=\"__category\"><a href=\"https:\/\/narsu.com.tr\/index.php\/category\/organic-food\/\" rel=\"category tag\">ORGANIC FOOD<\/a><\/p><h3 class=\"__title h5\"><a href=\"https:\/\/narsu.com.tr\/index.php\/2021\/03\/14\/superfoods-you-should-be-eating-2\/\">V\u0130\u015eNEDEN V\u0130\u015eNE SUYU KONSANTRES\u0130NE YOLCULUK<\/a><\/h3><\/div><\/figure><\/div><\/div><div class=\"col-12 pagination-shortcode pt-12\"><\/div><\/div><\/div><\/div><\/div><\/div>[\/vc_column][\/vc_row][vc_row full_width=&#8221;container-stretch&#8221; agro_row_prepad=&#8221;ptb-140&#8243; css=&#8221;.vc_custom_1549793372335{padding-bottom: 124px !important;}&#8221; agro_md_css=&#8221;.vc_custom_1549793372345{padding-bottom: 84px !important;}&#8221; el_class=&#8221;section section&#8211;dark-bg&#8221; 992_desc=&#8221;&#8221; 768_desc=&#8221;&#8221; 576_desc=&#8221;&#8221; agro_sm_css=&#8221;.vc_custom_1549793372346{padding-bottom: 54px !important;}&#8221;][vc_column el_class=&#8221;section-heading&#8211;white&#8221;]<div class=\"section-heading section-heading--center item_69f3445dbc672\" data-res-css=\"     \" data-aos=\"fade\"><h2 class=\"__title\">GET <span>IN TOUCH<\/span><\/h2><p>Latin words, combined with a handful of model sentence structures, to generate Lorem Ipsum which looks reasonable.<\/p><\/div><div role=\"form\" class=\"wpcf7\" id=\"wpcf7-f12-o1\" lang=\"en-US\" dir=\"ltr\">\n<div class=\"screen-reader-response\"><p role=\"status\" aria-live=\"polite\" aria-atomic=\"true\"><\/p> <ul><\/ul><\/div>\n<form action=\"\/index.php\/wp-json\/wp\/v2\/pages\/342#wpcf7-f12-o1\" method=\"post\" class=\"wpcf7-form init\" novalidate=\"novalidate\" data-status=\"init\">\n<div style=\"display: none;\">\n<input type=\"hidden\" name=\"_wpcf7\" value=\"12\" \/>\n<input type=\"hidden\" name=\"_wpcf7_version\" value=\"5.3.2\" \/>\n<input type=\"hidden\" name=\"_wpcf7_locale\" value=\"en_US\" \/>\n<input type=\"hidden\" name=\"_wpcf7_unit_tag\" value=\"wpcf7-f12-o1\" \/>\n<input type=\"hidden\" name=\"_wpcf7_container_post\" value=\"0\" \/>\n<input type=\"hidden\" name=\"_wpcf7_posted_data_hash\" value=\"\" \/>\n<\/div>\n<div class=\"contact-form js-contact-form\" data-aos=\"fade\">\n<div class=\"row\">\n<div class=\"col-12 col-md-6\">\n<div class=\"input-wrp\">\n<span class=\"wpcf7-form-control-wrap text-787\"><input type=\"text\" name=\"text-787\" value=\"\" size=\"40\" class=\"wpcf7-form-control wpcf7-text wpcf7-validates-as-required textfield\" aria-required=\"true\" aria-invalid=\"false\" placeholder=\"Ad\u0131n\u0131z\" \/><\/span>\n<\/div>\n<\/div>\n<div class=\"col-12 col-md-6\">\n<div class=\"input-wrp\">\n<span class=\"wpcf7-form-control-wrap text-787\"><input type=\"text\" name=\"text-787\" value=\"\" size=\"40\" class=\"wpcf7-form-control wpcf7-text wpcf7-validates-as-required textfield\" aria-required=\"true\" aria-invalid=\"false\" placeholder=\"E-posta\" \/><\/span>\n<\/div>\n<\/div>\n<\/div>\n<div class=\"input-wrp\">\n<span class=\"wpcf7-form-control-wrap textarea-212\"><textarea name=\"textarea-212\" cols=\"10\" rows=\"2\" class=\"wpcf7-form-control wpcf7-textarea wpcf7-validates-as-required textfield\" aria-required=\"true\" aria-invalid=\"false\" placeholder=\"Mesaj\u0131n\u0131z\"><\/textarea><\/span>\n<\/div>\n<p><input type=\"submit\" value=\"G\u00f6nder\" class=\"wpcf7-form-control wpcf7-submit custom-btn custom-btn--medium custom-btn--style-3 wide\" \/>\n<\/p><\/div>\n<div class=\"wpcf7-response-output\" aria-hidden=\"true\"><\/div><\/form><\/div>[\/vc_column][\/vc_row][vc_row full_width=&#8221;container-null&#8221;][vc_column agro_disable_column=&#8221;yes&#8221;]<div class=\"section section--no-pt section--no-pb\" style=\"min-height: 255px\"><div class=\"g_map\" data-zoom=\"15\" data-api-key=\"AIzaSyBXQROV5YMCERGIIuwxrmaZbBl_Wm4Dy5U\" data-longitude=\"44.958309\" data-latitude=\"34.109925\" data-marker=\"https:\/\/narsu.com.tr\/wp-content\/uploads\/2019\/02\/marker.png\" style=\"min-height: 255px\"><\/div><\/div>[\/vc_column][\/vc_row]\n","protected":false},"excerpt":{"rendered":"<p>[vc_row full_width=&#8221;container-null&#8221;][vc_column agro_disable_column=&#8221;yes&#8221;][\/vc_column][\/vc_row][vc_row full_width=&#8221;container-null&#8221;][vc_column agro_disable_column=&#8221;yes&#8221;][\/vc_column][\/vc_row][vc_row full_width=&#8221;container-stretch&#8221; agro_row_prepad=&#8221;ptb-140&#8243; css=&#8221;.vc_custom_1549793372335{padding-bottom: 124px !important;}&#8221; agro_md_css=&#8221;.vc_custom_1549793372345{padding-bottom: 84px !important;}&#8221; el_class=&#8221;section section&#8211;dark-bg&#8221; 992_desc=&#8221;&#8221; 768_desc=&#8221;&#8221; 576_desc=&#8221;&#8221; agro_sm_css=&#8221;.vc_custom_1549793372346{padding-bottom: 54px !important;}&#8221;][vc_column el_class=&#8221;section-heading&#8211;white&#8221;][\/vc_column][\/vc_row][vc_row full_width=&#8221;container-null&#8221;][vc_column agro_disable_column=&#8221;yes&#8221;][\/vc_column][\/vc_row]<\/p>\n","protected":false},"author":1,"featured_media":0,"parent":0,"menu_order":0,"comment_status":"closed","ping_status":"closed","template":"custom-page.php","meta":[],"_links":{"self":[{"href":"https:\/\/narsu.com.tr\/index.php\/wp-json\/wp\/v2\/pages\/342"}],"collection":[{"href":"https:\/\/narsu.com.tr\/index.php\/wp-json\/wp\/v2\/pages"}],"about":[{"href":"https:\/\/narsu.com.tr\/index.php\/wp-json\/wp\/v2\/types\/page"}],"author":[{"embeddable":true,"href":"https:\/\/narsu.com.tr\/index.php\/wp-json\/wp\/v2\/users\/1"}],"replies":[{"embeddable":true,"href":"https:\/\/narsu.com.tr\/index.php\/wp-json\/wp\/v2\/comments?post=342"}],"version-history":[{"count":0,"href":"https:\/\/narsu.com.tr\/index.php\/wp-json\/wp\/v2\/pages\/342\/revisions"}],"wp:attachment":[{"href":"https:\/\/narsu.com.tr\/index.php\/wp-json\/wp\/v2\/media?parent=342"}],"curies":[{"name":"wp","href":"https:\/\/api.w.org\/{rel}","templated":true}]}}