{"id":2704,"date":"2021-04-19T18:40:45","date_gmt":"2021-04-19T18:40:45","guid":{"rendered":"http:\/\/narsu.com.tr\/?page_id=2704"},"modified":"2022-05-13T07:42:47","modified_gmt":"2022-05-13T07:42:47","slug":"contact-2","status":"publish","type":"page","link":"https:\/\/narsu.com.tr\/index.php\/en\/contact-2\/","title":{"rendered":"Contact"},"content":{"rendered":"[vc_row full_width=&#8221;container-null&#8221;][vc_column agro_disable_column=&#8221;yes&#8221;]<div id=\"hero\" class=\"nt-shortcode-hero jarallax section_69f45f8c062c7 vc_custom_1618855462357\" data-speed=\"0.7\" data-img-position=\"50% 80%\" data-res-css=\"          \"><div class=\"container\"><div class=\"row\"><div class=\"col-12 col-lg-7 \"><h1 class=\"__title\"><span>NARSU<\/span> CONTACT<\/h1><\/div><\/div><\/div><\/div>[\/vc_column][\/vc_row][vc_row full_width=&#8221;container-null&#8221;][vc_column agro_disable_column=&#8221;yes&#8221;]<div class=\"section section_69f45f8c06303\" data-res-css=\".section.section_69f45f8c06303 .company-contacts .__item .__ico {color: #ac050c; }  \"><div class=\"container\"><div class=\"company-contacts text-center\"><div class=\"__inner\"><div class=\"row justify-content-around\"><div class=\"col-12 col-md-4 col-lg-3\"><div class=\"__item\"><div class=\"__ico\"><img width=\"50\" height=\"50\" src=\"https:\/\/narsu.com.tr\/wp-content\/uploads\/2021\/03\/fabrika-1.png\" class=\"attachment-thumbnail size-thumbnail\" alt=\"\" loading=\"lazy\" \/><\/div><h4 class=\"__title\">FACTORY<\/h4><p>Ere\u011fli Organize Sanayi B\u00f6lgesi \nKargac\u0131 Mah. 5. Cd. No: 4\/1 Ere\u011fli\/Konya<\/p><\/div><\/div><div class=\"col-12 col-md-4 col-lg-3\"><div class=\"__item\"><div class=\"__ico\"><img width=\"50\" height=\"50\" src=\"https:\/\/narsu.com.tr\/wp-content\/uploads\/2021\/03\/office-1.png\" class=\"attachment-thumbnail size-thumbnail\" alt=\"\" loading=\"lazy\" \/><\/div><h4 class=\"__title\">ANKARA HEADQUARTERS<\/h4><p>K\u0131z\u0131l\u0131rmak Mah. 1450.Sok. \nAnkara Ticaret Merkezi B Blok Kat 13\/62-63 \u00c7ukurambar\/ Ankara<\/p><\/div><\/div><div class=\"col-12 col-md-4 col-lg-3\"><div class=\"__item\"><div class=\"__ico\"><img width=\"50\" height=\"50\" src=\"https:\/\/narsu.com.tr\/wp-content\/uploads\/2021\/03\/phone-1.png\" class=\"attachment-thumbnail size-thumbnail\" alt=\"\" loading=\"lazy\" \/><\/div><h4 class=\"__title\">TELEPHONE<\/h4><p>+90 332 712 65 65-67-68 <br\/>\n+90 552 771 19 28 (International Calls Only)<\/p><\/div><\/div><div class=\"col-12 col-md-4 col-lg-3\"><div class=\"__item\"><div class=\"__ico\"><img width=\"50\" height=\"50\" src=\"https:\/\/narsu.com.tr\/wp-content\/uploads\/2021\/03\/mail-1.png\" class=\"attachment-thumbnail size-thumbnail\" alt=\"\" loading=\"lazy\" \/><\/div><h4 class=\"__title\">MAIL<\/h4><p>info@narsu.com.tr\nsales@muhtarogluholding.com<\/p><\/div><\/div><div class=\"col-12 col-md-4 col-lg-3\"><div class=\"__item\"><div class=\"__ico\"><img width=\"50\" height=\"50\" src=\"https:\/\/narsu.com.tr\/wp-content\/uploads\/2021\/08\/office-1.png\" class=\"attachment-thumbnail size-thumbnail\" alt=\"\" loading=\"lazy\" \/><\/div><h4 class=\"__title\">Istanbul Office<\/h4><p>Dikilita\u015f Mah. Emirhan Cd.\nNo:113 K:18 Barbaros Plaza,\nBE\u015e\u0130KTA\u015e\/iSTANBUL<\/p><\/div><\/div><\/div><\/div><\/div><\/div><\/div>[\/vc_column][\/vc_row][vc_row full_width=&#8221;container-null&#8221;][vc_column agro_disable_column=&#8221;yes&#8221;][\/vc_column][\/vc_row][vc_row full_width=&#8221;container-null&#8221;][vc_column agro_disable_column=&#8221;yes&#8221;][\/vc_column][\/vc_row][vc_row full_width=&#8221;container-null&#8221;][vc_column agro_disable_column=&#8221;yes&#8221;]<div class=\"section section--dark-bg section--contacts section_69f45f8c08c48\" data-res-css=\"     \"><div class=\"container\"><div class=\"row justify-content-end\"><div class=\"col-12 col-md-6\"><div class=\"row justify-content-end\"><div class=\"col-md-11\"><div class=\"section-heading section-heading--white\"><h2 class=\"__title\">CONTACT <span>US<\/span><\/h2><p>You can call us, contact us by e-mail or fill out the form below for detailed information about our products.<\/p><\/div><div role=\"form\" class=\"wpcf7\" id=\"wpcf7-f12-o1\" lang=\"en-US\" dir=\"ltr\">\n<div class=\"screen-reader-response\"><p role=\"status\" aria-live=\"polite\" aria-atomic=\"true\"><\/p> <ul><\/ul><\/div>\n<form action=\"\/index.php\/wp-json\/wp\/v2\/pages\/2704#wpcf7-f12-o1\" method=\"post\" class=\"wpcf7-form init\" novalidate=\"novalidate\" data-status=\"init\">\n<div style=\"display: none;\">\n<input type=\"hidden\" name=\"_wpcf7\" value=\"12\" \/>\n<input type=\"hidden\" name=\"_wpcf7_version\" value=\"5.3.2\" \/>\n<input type=\"hidden\" name=\"_wpcf7_locale\" value=\"en_US\" \/>\n<input type=\"hidden\" name=\"_wpcf7_unit_tag\" value=\"wpcf7-f12-o1\" \/>\n<input type=\"hidden\" name=\"_wpcf7_container_post\" value=\"0\" \/>\n<input type=\"hidden\" name=\"_wpcf7_posted_data_hash\" value=\"\" \/>\n<\/div>\n<div class=\"contact-form js-contact-form\" data-aos=\"fade\">\n<div class=\"row\">\n<div class=\"col-12 col-md-6\">\n<div class=\"input-wrp\">\n<span class=\"wpcf7-form-control-wrap text-787\"><input type=\"text\" name=\"text-787\" value=\"\" size=\"40\" class=\"wpcf7-form-control wpcf7-text wpcf7-validates-as-required textfield\" aria-required=\"true\" aria-invalid=\"false\" placeholder=\"Ad\u0131n\u0131z\" \/><\/span>\n<\/div>\n<\/div>\n<div class=\"col-12 col-md-6\">\n<div class=\"input-wrp\">\n<span class=\"wpcf7-form-control-wrap text-787\"><input type=\"text\" name=\"text-787\" value=\"\" size=\"40\" class=\"wpcf7-form-control wpcf7-text wpcf7-validates-as-required textfield\" aria-required=\"true\" aria-invalid=\"false\" placeholder=\"E-posta\" \/><\/span>\n<\/div>\n<\/div>\n<\/div>\n<div class=\"input-wrp\">\n<span class=\"wpcf7-form-control-wrap textarea-212\"><textarea name=\"textarea-212\" cols=\"10\" rows=\"2\" class=\"wpcf7-form-control wpcf7-textarea wpcf7-validates-as-required textfield\" aria-required=\"true\" aria-invalid=\"false\" placeholder=\"Mesaj\u0131n\u0131z\"><\/textarea><\/span>\n<\/div>\n<p><input type=\"submit\" value=\"G\u00f6nder\" class=\"wpcf7-form-control wpcf7-submit custom-btn custom-btn--medium custom-btn--style-3 wide\" \/>\n<\/p><\/div>\n<div class=\"wpcf7-response-output\" aria-hidden=\"true\"><\/div><\/form><\/div><\/div><\/div><\/div><\/div><\/div><div class=\"row no-gutters\"><div class=\"col-md-6 map-container map-container--left\"><div class=\"g_map\" data-api-key=\"AIzaSyBXQROV5YMCERGIIuwxrmaZbBl_Wm4Dy5U\" data-longitude=\"44.958309\" data-latitude=\"34.109925\" data-marker=\"\" style=\"min-height: 255px\"><\/div><\/div><\/div><\/div>[\/vc_column][\/vc_row]\n","protected":false},"excerpt":{"rendered":"<p>[vc_row full_width=&#8221;container-null&#8221;][vc_column agro_disable_column=&#8221;yes&#8221;][\/vc_column][\/vc_row][vc_row full_width=&#8221;container-null&#8221;][vc_column agro_disable_column=&#8221;yes&#8221;][\/vc_column][\/vc_row][vc_row full_width=&#8221;container-null&#8221;][vc_column agro_disable_column=&#8221;yes&#8221;][\/vc_column][\/vc_row][vc_row full_width=&#8221;container-null&#8221;][vc_column agro_disable_column=&#8221;yes&#8221;][\/vc_column][\/vc_row][vc_row full_width=&#8221;container-null&#8221;][vc_column agro_disable_column=&#8221;yes&#8221;][\/vc_column][\/vc_row]<\/p>\n","protected":false},"author":1,"featured_media":0,"parent":0,"menu_order":0,"comment_status":"closed","ping_status":"closed","template":"custom-page.php","meta":[],"_links":{"self":[{"href":"https:\/\/narsu.com.tr\/index.php\/wp-json\/wp\/v2\/pages\/2704"}],"collection":[{"href":"https:\/\/narsu.com.tr\/index.php\/wp-json\/wp\/v2\/pages"}],"about":[{"href":"https:\/\/narsu.com.tr\/index.php\/wp-json\/wp\/v2\/types\/page"}],"author":[{"embeddable":true,"href":"https:\/\/narsu.com.tr\/index.php\/wp-json\/wp\/v2\/users\/1"}],"replies":[{"embeddable":true,"href":"https:\/\/narsu.com.tr\/index.php\/wp-json\/wp\/v2\/comments?post=2704"}],"version-history":[{"count":9,"href":"https:\/\/narsu.com.tr\/index.php\/wp-json\/wp\/v2\/pages\/2704\/revisions"}],"predecessor-version":[{"id":2938,"href":"https:\/\/narsu.com.tr\/index.php\/wp-json\/wp\/v2\/pages\/2704\/revisions\/2938"}],"wp:attachment":[{"href":"https:\/\/narsu.com.tr\/index.php\/wp-json\/wp\/v2\/media?parent=2704"}],"curies":[{"name":"wp","href":"https:\/\/api.w.org\/{rel}","templated":true}]}}