{"id":1079,"date":"2021-03-10T20:21:29","date_gmt":"2021-03-10T20:21:29","guid":{"rendered":"http:\/\/narsu.com.tr\/?page_id=1079"},"modified":"2022-05-13T10:28:24","modified_gmt":"2022-05-13T10:28:24","slug":"kivi","status":"publish","type":"page","link":"https:\/\/narsu.com.tr\/index.php\/kivi\/","title":{"rendered":"Kivi"},"content":{"rendered":"[vc_row full_width=&#8221;container-null&#8221;][vc_column agro_disable_column=&#8221;yes&#8221;]<div id=\"hero\" class=\"nt-shortcode-hero jarallax section_69f5619a19e83 vc_custom_1617702704179\" data-speed=\"0.7\" data-img-position=\"50% 80%\" data-res-css=\"          \"><div class=\"container\"><div class=\"row\"><div class=\"col-12 col-lg-7 \"><h1 class=\"__title\"><span><\/span> K\u0130V\u0130<\/h1><p class=\"nt-hero-desc\">NARSU \u0130\u00c7ECEK; NFC kivi suyu ve kivi p\u00fcresi \u00fcr\u00fcnlerini \u00fcretmektedir.<\/p><\/div><\/div><\/div><\/div>[\/vc_column][\/vc_row][vc_row full_width=&#8221;container-null&#8221;][vc_column agro_disable_column=&#8221;yes&#8221; css=&#8221;.vc_custom_1615814761140{margin-bottom: -300px !important;}&#8221;]<div class=\"section section--gray-bg section_69f5619a19ec5\" data-res-css=\"         \"><div class=\"container\"><div class=\"simple-text-block\"><div class=\"row justify-content-lg-center row--lg-middle\"><div class=\"col-lg-10\"><h2>K\u0130V\u0130 <span><\/span><\/h2><div class=\"row justify-content-lg-between no-gutters\"><div class=\"col-12 col-lg-6\"><span style=\"font-weight: 400;\">Kivi\u00a0\u00e7ok lezzetli ve insan sa\u011fl\u0131\u011f\u0131 a\u00e7\u0131s\u0131ndan yararl\u0131 bir meyvedir.<\/span><\/p>\n<p><span style=\"font-weight: 400;\"> En \u00e7ok Marmara ve Karadeniz B\u00f6lgeleri gibi nem ve ya\u011f\u0131\u015f alan yerlerde yeti\u015ftirilmektedir. Ordu, Yalova gibi \u015fehirlerde \u00fcretimi yap\u0131lmaktad\u0131r. C vitamini a\u00e7\u0131s\u0131ndan olduk\u00e7a zengin olan kivi, ast\u0131m belirtilerini azaltmas\u0131n\u0131n yan\u0131 s\u0131ra, sindirime yard\u0131mc\u0131 olmaktad\u0131r.<\/span><\/p>\n<p><strong>Kivi spesifikasyonunu pdf\u2019e t\u0131klayarak indirebilirsiniz.<\/strong><\/div><div class=\"col-12 my-3 d-lg-none\"><\/div><div class=\"col-12 col-lg-5\"><img src=\"https:\/\/narsu.com.tr\/wp-content\/uploads\/2021\/03\/u\u0308ru\u0308nler_meyve_ic\u0327go\u0308rsel_kivi.png\" class=\"img-fluid\" alt=\"u\u0308ru\u0308nler_meyve_ic\u0327go\u0308rsel_kivi.png\"><\/div><\/div><div class=\"product-description\"><div class=\"my-5\"><\/div><div class=\"__details\"><div class=\"__details__inner\"><div class=\"row\"><div class=\"col-12 col-sm-auto\"><div class=\"__details__item\"><\/div><\/div><\/div><\/div><\/div><\/div><\/div><\/div><\/div><\/div><\/div>[\/vc_column][\/vc_row][vc_row full_width=&#8221;container-null&#8221;][vc_column][vc_icon icon_fontawesome=&#8221;fas fa-file-pdf&#8221; color=&#8221;green&#8221; size=&#8221;lg&#8221; align=&#8221;center&#8221; css_animation=&#8221;fadeInLeftBig&#8221; link=&#8221;url:http%3A%2F%2Fnarsu.com.tr%2Fwp-content%2Fuploads%2F2022%2F05%2FUT.55-KIWI-PUREE.pdf|target:_blank&#8221;][\/vc_column][\/vc_row]\n","protected":false},"excerpt":{"rendered":"<p>[vc_row full_width=&#8221;container-null&#8221;][vc_column agro_disable_column=&#8221;yes&#8221;][\/vc_column][\/vc_row][vc_row full_width=&#8221;container-null&#8221;][vc_column agro_disable_column=&#8221;yes&#8221; css=&#8221;.vc_custom_1615814761140{margin-bottom: -300px !important;}&#8221;][\/vc_column][\/vc_row][vc_row full_width=&#8221;container-null&#8221;][vc_column][vc_icon icon_fontawesome=&#8221;fas fa-file-pdf&#8221; color=&#8221;green&#8221; size=&#8221;lg&#8221; align=&#8221;center&#8221; css_animation=&#8221;fadeInLeftBig&#8221; link=&#8221;url:http%3A%2F%2Fnarsu.com.tr%2Fwp-content%2Fuploads%2F2022%2F05%2FUT.55-KIWI-PUREE.pdf|target:_blank&#8221;][\/vc_column][\/vc_row]<\/p>\n","protected":false},"author":1,"featured_media":0,"parent":0,"menu_order":0,"comment_status":"closed","ping_status":"closed","template":"custom-page.php","meta":[],"_links":{"self":[{"href":"https:\/\/narsu.com.tr\/index.php\/wp-json\/wp\/v2\/pages\/1079"}],"collection":[{"href":"https:\/\/narsu.com.tr\/index.php\/wp-json\/wp\/v2\/pages"}],"about":[{"href":"https:\/\/narsu.com.tr\/index.php\/wp-json\/wp\/v2\/types\/page"}],"author":[{"embeddable":true,"href":"https:\/\/narsu.com.tr\/index.php\/wp-json\/wp\/v2\/users\/1"}],"replies":[{"embeddable":true,"href":"https:\/\/narsu.com.tr\/index.php\/wp-json\/wp\/v2\/comments?post=1079"}],"version-history":[{"count":12,"href":"https:\/\/narsu.com.tr\/index.php\/wp-json\/wp\/v2\/pages\/1079\/revisions"}],"predecessor-version":[{"id":3000,"href":"https:\/\/narsu.com.tr\/index.php\/wp-json\/wp\/v2\/pages\/1079\/revisions\/3000"}],"wp:attachment":[{"href":"https:\/\/narsu.com.tr\/index.php\/wp-json\/wp\/v2\/media?parent=1079"}],"curies":[{"name":"wp","href":"https:\/\/api.w.org\/{rel}","templated":true}]}}