{"id":1069,"date":"2021-03-10T20:10:02","date_gmt":"2021-03-10T20:10:02","guid":{"rendered":"http:\/\/narsu.com.tr\/?page_id=1069"},"modified":"2022-04-28T13:19:54","modified_gmt":"2022-04-28T13:19:54","slug":"karpuz","status":"publish","type":"page","link":"https:\/\/narsu.com.tr\/index.php\/karpuz\/","title":{"rendered":"Karpuz"},"content":{"rendered":"[vc_row full_width=&#8221;container-null&#8221;][vc_column agro_disable_column=&#8221;yes&#8221;]<div id=\"hero\" class=\"nt-shortcode-hero jarallax section_69f16fa6ddb98 vc_custom_1616510185458\" data-speed=\"0.7\" data-img-position=\"50% 80%\" data-res-css=\"          \"><div class=\"container\"><div class=\"row\"><div class=\"col-12 col-lg-7 \"><h1 class=\"__title\"><span><\/span> KARPUZ<\/h1><p class=\"nt-hero-desc\">NARSU \u0130\u00c7ECEK; karpuz suyu konsantresi \u00fcretmektedir.<\/p><\/div><\/div><\/div><\/div>[\/vc_column][\/vc_row][vc_row full_width=&#8221;container-null&#8221;][vc_column agro_disable_column=&#8221;yes&#8221; css=&#8221;.vc_custom_1615814241321{margin-bottom: -300px !important;}&#8221;]<div class=\"section section--gray-bg section_69f16fa6ddbd0\" data-res-css=\"         \"><div class=\"container\"><div class=\"simple-text-block\"><div class=\"row justify-content-lg-center row--lg-middle\"><div class=\"col-lg-10\"><h2>KARPUZ <span><\/span><\/h2><div class=\"row justify-content-lg-between no-gutters\"><div class=\"col-12 col-lg-6\"><span style=\"font-weight: 400;\">Karpuz, %92 oran\u0131nda sudan olu\u015fan, v\u00fccut ve kan bas\u0131nc\u0131 azalt\u0131lmas\u0131nda etkili olan bir meyvedir. <\/span><\/p>\n<p><span style=\"font-weight: 400;\">\u00dclkemizde Akdeniz ve \u0130\u00e7 Anadolu B\u00f6lgesinde yeti\u015fen karpuzun, il baz\u0131nda en \u00e7ok Adana ve Ankara\u2019da \u00fcreticili\u011fi yap\u0131lmaktad\u0131r. D\u00fc\u015f\u00fck kalorisi ve y\u00fcksek su miktar\u0131 ile hazm\u0131 kolayla\u015ft\u0131r\u0131r. \u0130nsan sa\u011fl\u0131\u011f\u0131 i\u00e7in de\u00a0 g\u00fc\u00e7l\u00fc bir antioksidand\u0131r. Kan bas\u0131nc\u0131n\u0131 d\u00fczenleyerek tansiyonu kontrol alt\u0131na al\u0131r. <\/span><\/p>\n<p><strong>Karpuz spesifikasyonunu pdf\u2019e t\u0131klayarak indirebilirsiniz.<\/strong><\/div><div class=\"col-12 my-3 d-lg-none\"><\/div><div class=\"col-12 col-lg-5\"><img src=\"https:\/\/narsu.com.tr\/wp-content\/uploads\/2021\/03\/u\u0308ru\u0308nler_meyve_ic\u0327go\u0308rsel_karpuz.png\" class=\"img-fluid\" alt=\"u\u0308ru\u0308nler_meyve_ic\u0327go\u0308rsel_karpuz.png\"><\/div><\/div><div class=\"product-description\"><div class=\"my-5\"><\/div><div class=\"__details\"><div class=\"__details__inner\"><div class=\"row\"><div class=\"col-12 col-sm-auto\"><div class=\"__details__item\"><\/div><\/div><\/div><\/div><\/div><\/div><\/div><\/div><\/div><\/div><\/div>[\/vc_column][\/vc_row][vc_row full_width=&#8221;container-null&#8221;][vc_column agro_disable_column=&#8221;yes&#8221;]<div class=\"section\"><div class=\"container-fluid\"><div class=\"product-features\"><\/div><\/div><\/div>[\/vc_column][\/vc_row][vc_row][vc_column][vc_icon icon_fontawesome=&#8221;fas fa-file-pdf&#8221; align=&#8221;center&#8221; css_animation=&#8221;fadeInLeftBig&#8221; link=&#8221;url:http%3A%2F%2Fnarsu.com.tr%2Fwp-content%2Fuploads%2F2022%2F04%2FUT.81-WATERMELON-JUICE-CONCENTRATE.pdf&#8221;][\/vc_column][\/vc_row]\n","protected":false},"excerpt":{"rendered":"<p>[vc_row full_width=&#8221;container-null&#8221;][vc_column agro_disable_column=&#8221;yes&#8221;][\/vc_column][\/vc_row][vc_row full_width=&#8221;container-null&#8221;][vc_column agro_disable_column=&#8221;yes&#8221; css=&#8221;.vc_custom_1615814241321{margin-bottom: -300px !important;}&#8221;][\/vc_column][\/vc_row][vc_row full_width=&#8221;container-null&#8221;][vc_column agro_disable_column=&#8221;yes&#8221;][\/vc_column][\/vc_row][vc_row][vc_column][vc_icon icon_fontawesome=&#8221;fas fa-file-pdf&#8221; align=&#8221;center&#8221; css_animation=&#8221;fadeInLeftBig&#8221; link=&#8221;url:http%3A%2F%2Fnarsu.com.tr%2Fwp-content%2Fuploads%2F2022%2F04%2FUT.81-WATERMELON-JUICE-CONCENTRATE.pdf&#8221;][\/vc_column][\/vc_row]<\/p>\n","protected":false},"author":1,"featured_media":0,"parent":0,"menu_order":0,"comment_status":"closed","ping_status":"closed","template":"custom-page.php","meta":[],"_links":{"self":[{"href":"https:\/\/narsu.com.tr\/index.php\/wp-json\/wp\/v2\/pages\/1069"}],"collection":[{"href":"https:\/\/narsu.com.tr\/index.php\/wp-json\/wp\/v2\/pages"}],"about":[{"href":"https:\/\/narsu.com.tr\/index.php\/wp-json\/wp\/v2\/types\/page"}],"author":[{"embeddable":true,"href":"https:\/\/narsu.com.tr\/index.php\/wp-json\/wp\/v2\/users\/1"}],"replies":[{"embeddable":true,"href":"https:\/\/narsu.com.tr\/index.php\/wp-json\/wp\/v2\/comments?post=1069"}],"version-history":[{"count":10,"href":"https:\/\/narsu.com.tr\/index.php\/wp-json\/wp\/v2\/pages\/1069\/revisions"}],"predecessor-version":[{"id":2920,"href":"https:\/\/narsu.com.tr\/index.php\/wp-json\/wp\/v2\/pages\/1069\/revisions\/2920"}],"wp:attachment":[{"href":"https:\/\/narsu.com.tr\/index.php\/wp-json\/wp\/v2\/media?parent=1069"}],"curies":[{"name":"wp","href":"https:\/\/api.w.org\/{rel}","templated":true}]}}