{"id":1063,"date":"2021-03-10T20:03:11","date_gmt":"2021-03-10T20:03:11","guid":{"rendered":"http:\/\/narsu.com.tr\/?page_id=1063"},"modified":"2022-04-28T12:08:57","modified_gmt":"2022-04-28T12:08:57","slug":"havuc","status":"publish","type":"page","link":"https:\/\/narsu.com.tr\/index.php\/havuc\/","title":{"rendered":"Havu\u00e7"},"content":{"rendered":"[vc_row full_width=&#8221;container-null&#8221;][vc_column agro_disable_column=&#8221;yes&#8221;]<div id=\"hero\" class=\"nt-shortcode-hero jarallax section_69f57c8bed891 vc_custom_1617863832595\" data-speed=\"0.7\" data-img-position=\"50% 80%\" data-res-css=\"          \"><div class=\"container\"><div class=\"row\"><div class=\"col-12 col-lg-7 \"><h1 class=\"__title\"><span><\/span> HAVU\u00c7<\/h1><p class=\"nt-hero-desc\">NARSU \u0130\u00c7ECEK; NFC havu\u00e7 suyu, berrak havu\u00e7 suyu konsantresi, bulan\u0131k havu\u00e7 suyu konsantresi ve havu\u00e7 p\u00fcresi \u00fcr\u00fcnlerini \u00fcretmektedir.<\/p><\/div><\/div><\/div><\/div>[\/vc_column][\/vc_row][vc_row full_width=&#8221;container-null&#8221;][vc_column agro_disable_column=&#8221;yes&#8221; css=&#8221;.vc_custom_1615813749300{margin-bottom: -300px !important;}&#8221;]<div class=\"section section--gray-bg section_69f57c8bed8c8\" data-res-css=\"         \"><div class=\"container\"><div class=\"simple-text-block\"><div class=\"row justify-content-lg-center row--lg-middle\"><div class=\"col-lg-10\"><h2>HAVU\u00c7 <span><\/span><\/h2><div class=\"row justify-content-lg-between no-gutters\"><div class=\"col-12 col-lg-6\"><span style=\"font-weight: 400;\">Havu\u00e7, g\u00f6z ve cilt sa\u011fl\u0131\u011f\u0131na iyi gelen; A ve E vitamini kayna\u011f\u0131 olan bir meyvedir. <\/span><\/p>\n<p><span style=\"font-weight: 400;\">G\u00fcn\u00fcm\u00fczde havu\u00e7 yeti\u015ftirilen b\u00f6lgeler aras\u0131nda ilk ba\u015fta Akdeniz B\u00f6lgesi gelmektedir. Antalya, Hatay ve Mersin bu iller aras\u0131nda yer almaktad\u0131r. Folat, \u00e7inko, demir, potasyum ve B6 vitamini kayna\u011f\u0131d\u0131r. Bilinen en b\u00fcy\u00fck faydalar\u0131ndan biri g\u00f6zlere iyi gelmesi ve v\u00fccuttan at\u0131lan mineralleri yenilemesidir. <\/span><\/p>\n<p><strong>Havu\u00e7 spesifikasyonunu pdf\u2019e t\u0131klayarak indirebilirsiniz.<\/strong><\/div><div class=\"col-12 my-3 d-lg-none\"><\/div><div class=\"col-12 col-lg-5\"><img src=\"https:\/\/narsu.com.tr\/wp-content\/uploads\/2021\/03\/u\u0308ru\u0308nler_meyve_ic\u0327go\u0308rsel_havuc.png\" class=\"img-fluid\" alt=\"u\u0308ru\u0308nler_meyve_ic\u0327go\u0308rsel_havuc.png\"><\/div><\/div><div class=\"product-description\"><div class=\"my-5\"><\/div><div class=\"__details\"><div class=\"__details__inner\"><div class=\"row\"><div class=\"col-12 col-sm-auto\"><div class=\"__details__item\"><\/div><\/div><\/div><\/div><\/div><\/div><\/div><\/div><\/div><\/div><\/div>[\/vc_column][\/vc_row][vc_row full_width=&#8221;container-null&#8221;][vc_column][vc_icon icon_fontawesome=&#8221;fas fa-file-pdf&#8221; color=&#8221;custom&#8221; size=&#8221;lg&#8221; align=&#8221;center&#8221; css_animation=&#8221;fadeInLeftBig&#8221; custom_color=&#8221;#dd9425&#8243; link=&#8221;url:http%3A%2F%2Fnarsu.com.tr%2Fwp-content%2Fuploads%2F2022%2F04%2Filovepdf_merged-2_compressed.pdf|target:_blank&#8221;][\/vc_column][\/vc_row]\n","protected":false},"excerpt":{"rendered":"<p>[vc_row full_width=&#8221;container-null&#8221;][vc_column agro_disable_column=&#8221;yes&#8221;][\/vc_column][\/vc_row][vc_row full_width=&#8221;container-null&#8221;][vc_column agro_disable_column=&#8221;yes&#8221; css=&#8221;.vc_custom_1615813749300{margin-bottom: -300px !important;}&#8221;][\/vc_column][\/vc_row][vc_row full_width=&#8221;container-null&#8221;][vc_column][vc_icon icon_fontawesome=&#8221;fas fa-file-pdf&#8221; color=&#8221;custom&#8221; size=&#8221;lg&#8221; align=&#8221;center&#8221; css_animation=&#8221;fadeInLeftBig&#8221; custom_color=&#8221;#dd9425&#8243; link=&#8221;url:http%3A%2F%2Fnarsu.com.tr%2Fwp-content%2Fuploads%2F2022%2F04%2Filovepdf_merged-2_compressed.pdf|target:_blank&#8221;][\/vc_column][\/vc_row]<\/p>\n","protected":false},"author":1,"featured_media":0,"parent":0,"menu_order":0,"comment_status":"closed","ping_status":"closed","template":"custom-page.php","meta":[],"_links":{"self":[{"href":"https:\/\/narsu.com.tr\/index.php\/wp-json\/wp\/v2\/pages\/1063"}],"collection":[{"href":"https:\/\/narsu.com.tr\/index.php\/wp-json\/wp\/v2\/pages"}],"about":[{"href":"https:\/\/narsu.com.tr\/index.php\/wp-json\/wp\/v2\/types\/page"}],"author":[{"embeddable":true,"href":"https:\/\/narsu.com.tr\/index.php\/wp-json\/wp\/v2\/users\/1"}],"replies":[{"embeddable":true,"href":"https:\/\/narsu.com.tr\/index.php\/wp-json\/wp\/v2\/comments?post=1063"}],"version-history":[{"count":14,"href":"https:\/\/narsu.com.tr\/index.php\/wp-json\/wp\/v2\/pages\/1063\/revisions"}],"predecessor-version":[{"id":2913,"href":"https:\/\/narsu.com.tr\/index.php\/wp-json\/wp\/v2\/pages\/1063\/revisions\/2913"}],"wp:attachment":[{"href":"https:\/\/narsu.com.tr\/index.php\/wp-json\/wp\/v2\/media?parent=1063"}],"curies":[{"name":"wp","href":"https:\/\/api.w.org\/{rel}","templated":true}]}}