{"id":1053,"date":"2021-03-10T19:47:36","date_gmt":"2021-03-10T19:47:36","guid":{"rendered":"http:\/\/narsu.com.tr\/?page_id=1053"},"modified":"2022-04-28T12:02:47","modified_gmt":"2022-04-28T12:02:47","slug":"cilek","status":"publish","type":"page","link":"https:\/\/narsu.com.tr\/index.php\/cilek\/","title":{"rendered":"\u00c7ilek"},"content":{"rendered":"[vc_row full_width=&#8221;container-null&#8221;][vc_column agro_disable_column=&#8221;yes&#8221;]<div id=\"hero\" class=\"nt-shortcode-hero jarallax section_69f553e4ab78b vc_custom_1617701420316\" data-speed=\"0.7\" data-img-position=\"50% 80%\" data-res-css=\"          \"><div class=\"container\"><div class=\"row\"><div class=\"col-12 col-lg-7 \"><h1 class=\"__title\"><span><\/span> \u00c7\u0130LEK<\/h1><p class=\"nt-hero-desc\">NARSU \u0130\u00c7ECEK; NFC \u00e7ilek suyu konsantresi ve \u00e7ilek p\u00fcresi \u00fcr\u00fcnlerini \u00fcretmektedir.<\/p><\/div><\/div><\/div><\/div>[\/vc_column][\/vc_row][vc_row full_width=&#8221;container-null&#8221; css=&#8221;.vc_custom_1615810504307{margin-bottom: -300px !important;}&#8221;][vc_column agro_disable_column=&#8221;yes&#8221; css=&#8221;.vc_custom_1615810759570{margin-bottom: -300px !important;}&#8221;]<div class=\"section section--gray-bg section_69f553e4ab7c5\" data-res-css=\"         \"><div class=\"container\"><div class=\"simple-text-block\"><div class=\"row justify-content-lg-center row--lg-middle\"><div class=\"col-lg-10\"><h2>\u00c7\u0130LEK <span><\/span><\/h2><div class=\"row justify-content-lg-between no-gutters\"><div class=\"col-12 col-lg-6\"><span style=\"font-weight: 400;\">\u00c7ilek, bir\u00e7ok t\u00fcketim bi\u00e7imine ve alan\u0131na sahip bir meyvedir.<\/span><\/p>\n<p><span style=\"font-weight: 400;\"> En fazla yeti\u015fti\u011fi b\u00f6lgeler s\u0131ras\u0131yla Akdeniz, Ege ve Marmara B\u00f6lgesi \u015feklindedir. \u0130l baz\u0131nda incelendi\u011finde ise \u00e7ilek \u00fcretimi en fazla Mu\u011fla\u2019da yap\u0131lmaktad\u0131r. \u0130\u00e7erisinde bulundurdu\u011fu A, C, B6 ve B12 vitaminleri sayesinde sindirim sisteminin d\u00fczenli \u00e7al\u0131\u015fmas\u0131n\u0131 sa\u011flar ve etkili bir antioksidan olmas\u0131 sebebiyle ba\u011f\u0131\u015f\u0131kl\u0131k sistemini g\u00fc\u00e7lendirip romatizma ve karaci\u011fer rahats\u0131zl\u0131klar\u0131na olduk\u00e7a iyi gelmektedir.<\/span><\/p>\n<p><strong>\u00c7ilek spesifikasyonunu pdf\u2019e t\u0131klayarak indirebilirsiniz.<\/strong><\/div><div class=\"col-12 my-3 d-lg-none\"><\/div><div class=\"col-12 col-lg-5\"><img src=\"https:\/\/narsu.com.tr\/wp-content\/uploads\/2021\/03\/u\u0308ru\u0308nler_meyve_ic\u0327go\u0308rsel_c\u0327ilek.png\" class=\"img-fluid\" alt=\"u\u0308ru\u0308nler_meyve_ic\u0327go\u0308rsel_c\u0327ilek.png\"><\/div><\/div><div class=\"product-description\"><div class=\"my-5\"><\/div><div class=\"__details\"><div class=\"__details__inner\"><div class=\"row\"><div class=\"col-12 col-sm-auto\"><div class=\"__details__item\"><\/div><\/div><\/div><\/div><\/div><\/div><\/div><\/div><\/div><\/div><\/div>[\/vc_column][\/vc_row][vc_row full_width=&#8221;container-null&#8221;][vc_column][vc_icon icon_fontawesome=&#8221;fas fa-file-pdf&#8221; color=&#8221;custom&#8221; size=&#8221;lg&#8221; align=&#8221;center&#8221; css_animation=&#8221;fadeInLeftBig&#8221; custom_color=&#8221;#e01f5f&#8221; link=&#8221;url:http%3A%2F%2Fnarsu.com.tr%2Fwp-content%2Fuploads%2F2022%2F04%2Filovepdf_merged-5_compressed.pdf|target:_blank&#8221;][\/vc_column][\/vc_row]\n","protected":false},"excerpt":{"rendered":"<p>[vc_row full_width=&#8221;container-null&#8221;][vc_column agro_disable_column=&#8221;yes&#8221;][\/vc_column][\/vc_row][vc_row full_width=&#8221;container-null&#8221; css=&#8221;.vc_custom_1615810504307{margin-bottom: -300px !important;}&#8221;][vc_column agro_disable_column=&#8221;yes&#8221; css=&#8221;.vc_custom_1615810759570{margin-bottom: -300px !important;}&#8221;][\/vc_column][\/vc_row][vc_row full_width=&#8221;container-null&#8221;][vc_column][vc_icon icon_fontawesome=&#8221;fas fa-file-pdf&#8221; color=&#8221;custom&#8221; size=&#8221;lg&#8221; align=&#8221;center&#8221; css_animation=&#8221;fadeInLeftBig&#8221; custom_color=&#8221;#e01f5f&#8221; link=&#8221;url:http%3A%2F%2Fnarsu.com.tr%2Fwp-content%2Fuploads%2F2022%2F04%2Filovepdf_merged-5_compressed.pdf|target:_blank&#8221;][\/vc_column][\/vc_row]<\/p>\n","protected":false},"author":1,"featured_media":0,"parent":0,"menu_order":0,"comment_status":"closed","ping_status":"closed","template":"custom-page.php","meta":[],"_links":{"self":[{"href":"https:\/\/narsu.com.tr\/index.php\/wp-json\/wp\/v2\/pages\/1053"}],"collection":[{"href":"https:\/\/narsu.com.tr\/index.php\/wp-json\/wp\/v2\/pages"}],"about":[{"href":"https:\/\/narsu.com.tr\/index.php\/wp-json\/wp\/v2\/types\/page"}],"author":[{"embeddable":true,"href":"https:\/\/narsu.com.tr\/index.php\/wp-json\/wp\/v2\/users\/1"}],"replies":[{"embeddable":true,"href":"https:\/\/narsu.com.tr\/index.php\/wp-json\/wp\/v2\/comments?post=1053"}],"version-history":[{"count":13,"href":"https:\/\/narsu.com.tr\/index.php\/wp-json\/wp\/v2\/pages\/1053\/revisions"}],"predecessor-version":[{"id":2907,"href":"https:\/\/narsu.com.tr\/index.php\/wp-json\/wp\/v2\/pages\/1053\/revisions\/2907"}],"wp:attachment":[{"href":"https:\/\/narsu.com.tr\/index.php\/wp-json\/wp\/v2\/media?parent=1053"}],"curies":[{"name":"wp","href":"https:\/\/api.w.org\/{rel}","templated":true}]}}