{"id":1048,"date":"2021-03-10T19:42:51","date_gmt":"2021-03-10T19:42:51","guid":{"rendered":"http:\/\/narsu.com.tr\/?page_id=1048"},"modified":"2022-04-28T11:48:08","modified_gmt":"2022-04-28T11:48:08","slug":"armut","status":"publish","type":"page","link":"https:\/\/narsu.com.tr\/index.php\/armut\/","title":{"rendered":"Armut"},"content":{"rendered":"[vc_row full_width=&#8221;container-null&#8221;][vc_column agro_disable_column=&#8221;yes&#8221;]<div id=\"hero\" class=\"nt-shortcode-hero jarallax section_69f3358657fda vc_custom_1617864094707\" data-speed=\"0.7\" data-img-position=\"50% 80%\" data-res-css=\"          \"><div class=\"container\"><div class=\"row\"><div class=\"col-12 col-lg-7 \"><h1 class=\"__title\"><span><\/span> ARMUT<\/h1><p class=\"nt-hero-desc\">NARSU \u0130\u00c7ECEK; NFC armut suyu, armut suyu konsantresi, armut p\u00fcresi ve armut p\u00fcre konsantresi \u00fcr\u00fcnlerini \u00fcretmektedir.<\/p><\/div><\/div><\/div><\/div>[\/vc_column][\/vc_row][vc_row full_width=&#8221;container-null&#8221;][vc_column agro_disable_column=&#8221;yes&#8221; css=&#8221;.vc_custom_1615809693493{margin-bottom: -300px !important;}&#8221;]<div class=\"section section--gray-bg section_69f3358658012\" data-res-css=\"         \"><div class=\"container\"><div class=\"simple-text-block\"><div class=\"row justify-content-lg-center row--lg-middle\"><div class=\"col-lg-10\"><h2>ARMUT <span><\/span><\/h2><div class=\"row justify-content-lg-between no-gutters\"><div class=\"col-12 col-lg-6\"><span style=\"font-weight: 400;\">Armut i\u00e7erdi\u011fi y\u00fcksek lif, ya\u015famsal besin maddeleri ve mineralleri sayesinde v\u00fccudun genel sa\u011fl\u0131\u011f\u0131 i\u00e7in \u00f6nem ta\u015f\u0131yan bir meyvedir. <\/span><\/p>\n<p><span style=\"font-weight: 400;\">En fazla Ege B\u00f6lgesinde \u00fcretilmesiyle birlikte Marmara ve \u0130\u00e7 Anadolu B\u00f6lgelerinde de yeti\u015ftirilmektedir. \u0130l baz\u0131nda bak\u0131ld\u0131\u011f\u0131nda \u00fcretimin en yo\u011fun oldu\u011fu yerlerin ba\u015f\u0131nda Bursa gelmektedir. \u0130\u00e7eri\u011finde bulunan bak\u0131r ve C vitaminleri insan v\u00fccudunun kan bas\u0131nc\u0131n\u0131 y\u00fckseltir, kolesterol\u00fc d\u00fc\u015f\u00fcr\u00fcr. En \u00f6nemli faydalar\u0131ndan biri ise kanser riskini azaltmas\u0131d\u0131r. <\/span><\/p>\n<p><strong>Armut spesifikasyonunu pdf\u2019e t\u0131klayarak indirebilirsiniz.<\/strong><\/div><div class=\"col-12 my-3 d-lg-none\"><\/div><div class=\"col-12 col-lg-5\"><img src=\"https:\/\/narsu.com.tr\/wp-content\/uploads\/2021\/03\/u\u0308ru\u0308nler_meyve_ic\u0327go\u0308rsel_armut.png\" class=\"img-fluid\" alt=\"u\u0308ru\u0308nler_meyve_ic\u0327go\u0308rsel_armut.png\"><\/div><\/div><div class=\"product-description\"><div class=\"my-5\"><\/div><div class=\"__details\"><div class=\"__details__inner\"><div class=\"row\"><div class=\"col-12 col-sm-auto\"><div class=\"__details__item\"><\/div><\/div><\/div><\/div><\/div><\/div><\/div><\/div><\/div><\/div><\/div>[\/vc_column][\/vc_row][vc_row full_width=&#8221;container-null&#8221;][vc_column][vc_icon icon_fontawesome=&#8221;fas fa-file-pdf&#8221; color=&#8221;custom&#8221; size=&#8221;lg&#8221; align=&#8221;center&#8221; css_animation=&#8221;fadeInLeftBig&#8221; custom_color=&#8221;#b6ed57&#8243; link=&#8221;url:http%3A%2F%2Fnarsu.com.tr%2Fwp-content%2Fuploads%2F2022%2F04%2Filovepdf_merged-1_compressed.pdf|target:_blank&#8221;][\/vc_column][\/vc_row]\n","protected":false},"excerpt":{"rendered":"<p>[vc_row full_width=&#8221;container-null&#8221;][vc_column agro_disable_column=&#8221;yes&#8221;][\/vc_column][\/vc_row][vc_row full_width=&#8221;container-null&#8221;][vc_column agro_disable_column=&#8221;yes&#8221; css=&#8221;.vc_custom_1615809693493{margin-bottom: -300px !important;}&#8221;][\/vc_column][\/vc_row][vc_row full_width=&#8221;container-null&#8221;][vc_column][vc_icon icon_fontawesome=&#8221;fas fa-file-pdf&#8221; color=&#8221;custom&#8221; size=&#8221;lg&#8221; align=&#8221;center&#8221; css_animation=&#8221;fadeInLeftBig&#8221; custom_color=&#8221;#b6ed57&#8243; link=&#8221;url:http%3A%2F%2Fnarsu.com.tr%2Fwp-content%2Fuploads%2F2022%2F04%2Filovepdf_merged-1_compressed.pdf|target:_blank&#8221;][\/vc_column][\/vc_row]<\/p>\n","protected":false},"author":1,"featured_media":0,"parent":0,"menu_order":0,"comment_status":"closed","ping_status":"closed","template":"custom-page.php","meta":[],"_links":{"self":[{"href":"https:\/\/narsu.com.tr\/index.php\/wp-json\/wp\/v2\/pages\/1048"}],"collection":[{"href":"https:\/\/narsu.com.tr\/index.php\/wp-json\/wp\/v2\/pages"}],"about":[{"href":"https:\/\/narsu.com.tr\/index.php\/wp-json\/wp\/v2\/types\/page"}],"author":[{"embeddable":true,"href":"https:\/\/narsu.com.tr\/index.php\/wp-json\/wp\/v2\/users\/1"}],"replies":[{"embeddable":true,"href":"https:\/\/narsu.com.tr\/index.php\/wp-json\/wp\/v2\/comments?post=1048"}],"version-history":[{"count":17,"href":"https:\/\/narsu.com.tr\/index.php\/wp-json\/wp\/v2\/pages\/1048\/revisions"}],"predecessor-version":[{"id":2902,"href":"https:\/\/narsu.com.tr\/index.php\/wp-json\/wp\/v2\/pages\/1048\/revisions\/2902"}],"wp:attachment":[{"href":"https:\/\/narsu.com.tr\/index.php\/wp-json\/wp\/v2\/media?parent=1048"}],"curies":[{"name":"wp","href":"https:\/\/api.w.org\/{rel}","templated":true}]}}