{"id":1046,"date":"2021-03-10T19:40:32","date_gmt":"2021-03-10T19:40:32","guid":{"rendered":"http:\/\/narsu.com.tr\/?page_id=1046"},"modified":"2022-04-28T11:46:00","modified_gmt":"2022-04-28T11:46:00","slug":"ananas","status":"publish","type":"page","link":"https:\/\/narsu.com.tr\/index.php\/ananas\/","title":{"rendered":"Ananas"},"content":{"rendered":"[vc_row full_width=&#8221;container-null&#8221;][vc_column agro_disable_column=&#8221;yes&#8221;]<div id=\"hero\" class=\"nt-shortcode-hero jarallax section_69f5fe5144393 vc_custom_1616509876532\" data-speed=\"0.7\" data-img-position=\"50% 80%\" data-res-css=\"  .nt-shortcode-hero.section_69f5fe5144393 .__title {font-size:20px;}        \"><div class=\"container\"><div class=\"row\"><div class=\"col-12 col-lg-7 \"><h1 class=\"__title\"><span><\/span> ANANAS<\/h1><p class=\"nt-hero-desc\">NARSU \u0130\u00c7ECEK; ananas suyu konsantresi \u00fcretmektedir.<\/p><\/div><\/div><\/div><\/div>[\/vc_column][\/vc_row][vc_row full_width=&#8221;container-null&#8221;][vc_column agro_disable_column=&#8221;yes&#8221;]<div class=\"section section--gray-bg section_69f5fe51443d1 vc_custom_1618253152884\" data-res-css=\"         \"><div class=\"container\"><div class=\"simple-text-block\"><div class=\"row justify-content-lg-center row--lg-middle\"><div class=\"col-lg-10\"><h2>ANANAS <span><\/span><\/h2><div class=\"row justify-content-lg-between no-gutters\"><div class=\"col-12 col-lg-6\"><span style=\"font-weight: 400;\">Ananas, bol miktarda manganez ve C vitamini i\u00e7eren bir meyvedir.<\/span><\/p>\n<p><span style=\"font-weight: 400;\"> Lif bak\u0131m\u0131ndan olduk\u00e7a zengin bu meyve \u00fclkemizde Akdeniz B\u00f6lgesinde yeti\u015ftirilmektedir. Adana, Antalya ve Mersin ananas \u00fcretiminin aktif olarak yap\u0131ld\u0131\u011f\u0131 illerdir. Do\u011fal olarak sindirimi art\u0131rmaya yard\u0131mc\u0131 olan ananas, bulundurdu\u011fu kalsiyum ve folik asit sayesinde kemik ve di\u015f etlerini g\u00fc\u00e7lendirmesinin yan\u0131nda kilo kontrol\u00fcn\u00fc de desteklemeye yard\u0131mc\u0131 olmaktad\u0131r.<\/span><\/p>\n<p><strong>Ananas spesifikasyonunu pdf\u2019e t\u0131klayarak indirebilirsiniz.<\/strong><\/div><div class=\"col-12 my-3 d-lg-none\"><\/div><div class=\"col-12 col-lg-5\"><img src=\"https:\/\/narsu.com.tr\/wp-content\/uploads\/2021\/03\/u\u0308ru\u0308nler_meyve_ic\u0327go\u0308rsel_ananas.png\" class=\"img-fluid\" alt=\"u\u0308ru\u0308nler_meyve_ic\u0327go\u0308rsel_ananas.png\"><\/div><\/div><div class=\"product-description\"><div class=\"my-5\"><\/div><div class=\"__details\"><div class=\"__details__inner\"><div class=\"row\"><div class=\"col-12 col-sm-auto\"><div class=\"__details__item\"><\/div><\/div><\/div><\/div><\/div><\/div><\/div><\/div><\/div><\/div><\/div>[\/vc_column][\/vc_row][vc_row full_width=&#8221;container-null&#8221;][vc_column agro_disable_column=&#8221;yes&#8221;][vc_icon icon_fontawesome=&#8221;fas fa-file-pdf&#8221; color=&#8221;chino&#8221; size=&#8221;lg&#8221; align=&#8221;center&#8221; css_animation=&#8221;fadeInLeftBig&#8221; link=&#8221;url:http%3A%2F%2Fnarsu.com.tr%2Fwp-content%2Fuploads%2F2022%2F04%2FUT.75-PINEAPPLE-JUICE-CONCENTRATE.pdf|title:Ananas%20pdf|target:_blank&#8221; css=&#8221;.vc_custom_1651146295398{margin-top: -150px !important;}&#8221;][\/vc_column][\/vc_row]\n","protected":false},"excerpt":{"rendered":"<p>[vc_row full_width=&#8221;container-null&#8221;][vc_column agro_disable_column=&#8221;yes&#8221;][\/vc_column][\/vc_row][vc_row full_width=&#8221;container-null&#8221;][vc_column agro_disable_column=&#8221;yes&#8221;][\/vc_column][\/vc_row][vc_row full_width=&#8221;container-null&#8221;][vc_column agro_disable_column=&#8221;yes&#8221;][vc_icon icon_fontawesome=&#8221;fas fa-file-pdf&#8221; color=&#8221;chino&#8221; size=&#8221;lg&#8221; align=&#8221;center&#8221; css_animation=&#8221;fadeInLeftBig&#8221; link=&#8221;url:http%3A%2F%2Fnarsu.com.tr%2Fwp-content%2Fuploads%2F2022%2F04%2FUT.75-PINEAPPLE-JUICE-CONCENTRATE.pdf|title:Ananas%20pdf|target:_blank&#8221; css=&#8221;.vc_custom_1651146295398{margin-top: -150px !important;}&#8221;][\/vc_column][\/vc_row]<\/p>\n","protected":false},"author":1,"featured_media":0,"parent":0,"menu_order":0,"comment_status":"closed","ping_status":"closed","template":"custom-page.php","meta":[],"_links":{"self":[{"href":"https:\/\/narsu.com.tr\/index.php\/wp-json\/wp\/v2\/pages\/1046"}],"collection":[{"href":"https:\/\/narsu.com.tr\/index.php\/wp-json\/wp\/v2\/pages"}],"about":[{"href":"https:\/\/narsu.com.tr\/index.php\/wp-json\/wp\/v2\/types\/page"}],"author":[{"embeddable":true,"href":"https:\/\/narsu.com.tr\/index.php\/wp-json\/wp\/v2\/users\/1"}],"replies":[{"embeddable":true,"href":"https:\/\/narsu.com.tr\/index.php\/wp-json\/wp\/v2\/comments?post=1046"}],"version-history":[{"count":30,"href":"https:\/\/narsu.com.tr\/index.php\/wp-json\/wp\/v2\/pages\/1046\/revisions"}],"predecessor-version":[{"id":2901,"href":"https:\/\/narsu.com.tr\/index.php\/wp-json\/wp\/v2\/pages\/1046\/revisions\/2901"}],"wp:attachment":[{"href":"https:\/\/narsu.com.tr\/index.php\/wp-json\/wp\/v2\/media?parent=1046"}],"curies":[{"name":"wp","href":"https:\/\/api.w.org\/{rel}","templated":true}]}}